{"id":5,"date":"2020-01-13T11:17:52","date_gmt":"2020-01-13T11:17:52","guid":{"rendered":"https:\/\/demosites.io\/web-agency-gb\/?page_id=5"},"modified":"2025-01-09T13:18:17","modified_gmt":"2025-01-09T12:18:17","slug":"15c42-web-agency-gb-home","status":"publish","type":"page","link":"https:\/\/eurocolorspa.eu\/","title":{"rendered":"Home"},"content":{"rendered":"\n<div class=\"wp-block-cover alignfull\" style=\"min-height:700px;aspect-ratio:unset;\"><span aria-hidden=\"true\" class=\"wp-block-cover__background has-background-dim-60 has-background-dim\" style=\"background-color:#6c7480\"><\/span><img loading=\"lazy\" decoding=\"async\" width=\"1366\" height=\"768\" class=\"wp-block-cover__image-background wp-image-106\" alt=\"\" src=\"https:\/\/eurocolorspa.eu\/wp-content\/uploads\/2024\/05\/banner-1.jpg\" data-object-fit=\"cover\" srcset=\"https:\/\/eurocolorspa.eu\/wp-content\/uploads\/2024\/05\/banner-1.jpg 1366w, https:\/\/eurocolorspa.eu\/wp-content\/uploads\/2024\/05\/banner-1-300x169.jpg 300w, https:\/\/eurocolorspa.eu\/wp-content\/uploads\/2024\/05\/banner-1-1024x576.jpg 1024w, https:\/\/eurocolorspa.eu\/wp-content\/uploads\/2024\/05\/banner-1-768x432.jpg 768w\" sizes=\"auto, (max-width: 1366px) 100vw, 1366px\" \/><div class=\"wp-block-cover__inner-container is-layout-flow wp-block-cover-is-layout-flow\">\n<div style=\"height:80px\" aria-hidden=\"true\" class=\"wp-block-spacer\"><\/div>\n\n\n\n<h1 class=\"wp-block-heading has-text-align-center has-nv-text-dark-bg-color has-text-color\">Il colore perfetto per ogni progetto.<\/h1>\n\n\n\n<p class=\"has-text-align-center has-nv-text-dark-bg-color has-text-color\" style=\"font-size:17px\">Azienda specializzata nella creazione e fabbricazione di coloranti, pigmenti e prodotti chimici per il settore industriale<\/p>\n\n\n\n<div class=\"wp-block-buttons is-horizontal is-content-justification-center is-layout-flex wp-container-core-buttons-is-layout-499968f5 wp-block-buttons-is-layout-flex\">\n<div class=\"wp-block-button is-style-primary\"><a class=\"wp-block-button__link wp-element-button\" href=\"#ESPLORA\">Esplora<\/a><\/div>\n\n\n\n<div class=\"wp-block-button is-style-secondary\"><a class=\"wp-block-button__link wp-element-button\" href=\"https:\/\/eurocolorspa.eu\/index.php\/15c42-web-agency-gb-contact-us\/\">Scegli noi<\/a><\/div>\n<\/div>\n\n\n\n<div style=\"height:80px\" aria-hidden=\"true\" class=\"wp-block-spacer\"><\/div>\n\n\n\n<div style=\"height:80px\" aria-hidden=\"true\" class=\"wp-block-spacer\"><\/div>\n<\/div><\/div>\n\n\n\n<div style=\"height:80px\" aria-hidden=\"true\" class=\"wp-block-spacer\"><\/div>\n\n\n\n<div class=\"wp-block-columns is-layout-flex wp-container-core-columns-is-layout-9d6595d7 wp-block-columns-is-layout-flex\" id=\"ESPLORA\">\n<div class=\"wp-block-column is-layout-flow wp-block-column-is-layout-flow\"><div class=\"wp-block-image icon-style is-style-rounded\">\n<figure class=\"aligncenter size-large\"><a href=\"https:\/\/eurocolorspa.eu\/index.php\/15c42-web-agency-gb-about-us\/\"><img decoding=\"async\" src=\"https:\/\/eurocolorspa.eu\/wp-content\/uploads\/2020\/01\/neve-webdesign-GB-03.png\" alt=\"\" class=\"wp-image-20\" title=\"\"\/><\/a><\/figure>\n<\/div>\n\n\n<div style=\"height:20px\" aria-hidden=\"true\" class=\"wp-block-spacer\"><\/div>\n\n\n\n<h3 class=\"wp-block-heading has-text-align-center has-neve-text-color-color has-text-color\">Chi Siamo?<\/h3>\n\n\n\n<p class=\"has-text-align-center\">Fondata nel 1969, Eurocolor produce sostanze organiche per la tintura di fibre naturali, artificiali e sintetiche, oltre che per pellami, carta e legno.<\/p>\n\n\n\n<div style=\"height:20px\" aria-hidden=\"true\" class=\"wp-block-spacer\"><\/div>\n<\/div>\n\n\n\n<div class=\"wp-block-column is-layout-flow wp-block-column-is-layout-flow\"><div class=\"wp-block-image icon-style is-style-rounded\">\n<figure class=\"aligncenter size-large\"><a href=\"https:\/\/eurocolorspa.eu\/index.php\/prodotti\/\"><img decoding=\"async\" src=\"https:\/\/eurocolorspa.eu\/wp-content\/uploads\/2020\/01\/neve-webdesign-GB-04.png\" alt=\"\" class=\"wp-image-21\"\/><\/a><\/figure>\n<\/div>\n\n\n<div style=\"height:20px\" aria-hidden=\"true\" class=\"wp-block-spacer\"><\/div>\n\n\n\n<h3 class=\"wp-block-heading has-text-align-center has-neve-text-color-color has-text-color\">Servizi<\/h3>\n\n\n\n<p class=\"has-text-align-center\">Societ\u00e0 impegnata nello sviluppo e nella produzione di coloranti, pigmenti e composti chimici per applicazioni industriali. I nostri esperti sono a tua disposizione per aiutarti a trovare la soluzione perfetta per il tuo business.<\/p>\n\n\n\n<div style=\"height:20px\" aria-hidden=\"true\" class=\"wp-block-spacer\"><\/div>\n<\/div>\n\n\n\n<div class=\"wp-block-column is-layout-flow wp-block-column-is-layout-flow\"><div class=\"wp-block-image icon-style is-style-rounded\">\n<figure class=\"aligncenter size-large\"><a href=\"https:\/\/eurocolorspa.eu\/index.php\/15c42-web-agency-gb-contact-us\/\"><img decoding=\"async\" src=\"https:\/\/eurocolorspa.eu\/wp-content\/uploads\/2020\/01\/neve-webdesign-GB-01.png\" alt=\"\" class=\"wp-image-18\"\/><\/a><\/figure>\n<\/div>\n\n\n<div style=\"height:20px\" aria-hidden=\"true\" class=\"wp-block-spacer\"><\/div>\n\n\n\n<h3 class=\"wp-block-heading has-text-align-center has-neve-text-color-color has-text-color\">Contattaci!<\/h3>\n\n\n\n<p class=\"has-text-align-center\">Desideri maggiori informazioni o un preventivo personalizzato? Contattaci oggi stesso e il nostro team sar\u00e0 lieto di assisterti<\/p>\n\n\n\n<div style=\"height:20px\" aria-hidden=\"true\" class=\"wp-block-spacer\"><\/div>\n<\/div>\n<\/div>\n\n\n\n<div style=\"height:80px\" aria-hidden=\"true\" class=\"wp-block-spacer\"><\/div>\n\n\n\n<div class=\"wp-block-cover alignfull is-light\" style=\"min-height:700px;aspect-ratio:unset;\"><span aria-hidden=\"true\" class=\"wp-block-cover__background has-background-dim-100 has-background-dim\" style=\"background-color:#b2b7b7\"><\/span><img loading=\"lazy\" decoding=\"async\" width=\"1366\" height=\"768\" class=\"wp-block-cover__image-background wp-image-106\" alt=\"\" src=\"https:\/\/eurocolorspa.eu\/wp-content\/uploads\/2024\/05\/banner-1.jpg\" data-object-fit=\"cover\" srcset=\"https:\/\/eurocolorspa.eu\/wp-content\/uploads\/2024\/05\/banner-1.jpg 1366w, https:\/\/eurocolorspa.eu\/wp-content\/uploads\/2024\/05\/banner-1-300x169.jpg 300w, https:\/\/eurocolorspa.eu\/wp-content\/uploads\/2024\/05\/banner-1-1024x576.jpg 1024w, https:\/\/eurocolorspa.eu\/wp-content\/uploads\/2024\/05\/banner-1-768x432.jpg 768w\" sizes=\"auto, (max-width: 1366px) 100vw, 1366px\" \/><div class=\"wp-block-cover__inner-container is-layout-flow wp-block-cover-is-layout-flow\">\n<div style=\"height:80px\" aria-hidden=\"true\" class=\"wp-block-spacer\"><\/div>\n\n\n\n<div class=\"wp-block-columns are-vertically-aligned-center is-layout-flex wp-container-core-columns-is-layout-9d6595d7 wp-block-columns-is-layout-flex\">\n<div class=\"wp-block-column is-vertically-aligned-center is-layout-flow wp-block-column-is-layout-flow\" style=\"flex-basis:50%\">\n<figure class=\"wp-block-image size-full\"><img loading=\"lazy\" decoding=\"async\" width=\"960\" height=\"639\" src=\"https:\/\/eurocolorspa.eu\/wp-content\/uploads\/2025\/01\/fogliaios-1.png\" alt=\"\" class=\"wp-image-383\" srcset=\"https:\/\/eurocolorspa.eu\/wp-content\/uploads\/2025\/01\/fogliaios-1.png 960w, https:\/\/eurocolorspa.eu\/wp-content\/uploads\/2025\/01\/fogliaios-1-300x200.png 300w, https:\/\/eurocolorspa.eu\/wp-content\/uploads\/2025\/01\/fogliaios-1-768x511.png 768w, https:\/\/eurocolorspa.eu\/wp-content\/uploads\/2025\/01\/fogliaios-1-930x620.png 930w\" sizes=\"auto, (max-width: 960px) 100vw, 960px\" \/><\/figure>\n<\/div>\n\n\n\n<div class=\"wp-block-column is-vertically-aligned-center is-layout-flow wp-block-column-is-layout-flow\" style=\"flex-basis:50%\">\n<div style=\"height:10px\" aria-hidden=\"true\" class=\"wp-block-spacer\"><\/div>\n\n\n\n<h2 class=\"wp-block-heading has-text-align-left has-nv-text-dark-bg-color has-text-color\">Sostenibilit\u00e0<\/h2>\n\n\n\n<p class=\"has-text-align-left has-nv-text-dark-bg-color has-text-color\" style=\"font-size:17px\">Con oltre 50 anni di esperienza, Eurocolor \u00e8 leader nella produzione di coloranti industriali. La certificazione ISO 14001 attesta il nostro impegno verso l&#8217;ambiente, migliorando le performance ecologiche e raggiungendo obiettivi di sostenibilit\u00e0. Innovazione, qualit\u00e0 e rispetto per l&#8217;ambiente sono al centro della nostra missione, offrendo soluzioni avanzate e sicure per aiutare i clienti a creare prodotti di alta qualit\u00e0.<\/p>\n\n\n\n<div class=\"wp-block-buttons is-horizontal is-content-justification-left is-layout-flex wp-container-core-buttons-is-layout-7e5fce0a wp-block-buttons-is-layout-flex\">\n<div class=\"wp-block-button is-style-primary\"><a class=\"wp-block-button__link wp-element-button\" href=\"https:\/\/eurocolorspa.eu\/index.php\/certificazioni-e-regolamenti\/\">Scopri di pi\u00f9<\/a><\/div>\n<\/div>\n<\/div>\n<\/div>\n\n\n\n<div style=\"height:80px\" aria-hidden=\"true\" class=\"wp-block-spacer\"><\/div>\n<\/div><\/div>\n\n\n\n<div class=\"wp-block-cover alignfull\" style=\"min-height:600px;aspect-ratio:unset;\"><span aria-hidden=\"true\" class=\"wp-block-cover__background has-nv-site-bg-background-color has-background-dim-100 has-background-dim\"><\/span><div class=\"wp-block-cover__inner-container is-layout-flow wp-block-cover-is-layout-flow\">\n<div class=\"wp-block-group\"><div class=\"wp-block-group__inner-container is-layout-flow wp-block-group-is-layout-flow\">\n<div style=\"height:80px\" aria-hidden=\"true\" class=\"wp-block-spacer\"><\/div>\n\n\n\n<div class=\"wp-block-columns are-vertically-aligned-center is-layout-flex wp-container-core-columns-is-layout-9d6595d7 wp-block-columns-is-layout-flex\">\n<div class=\"wp-block-column is-vertically-aligned-center is-layout-flow wp-block-column-is-layout-flow\" style=\"flex-basis:50%\">\n<h2 class=\"wp-block-heading has-text-align-left has-neve-text-color-color has-text-color\">Il nostro ambiente di lavoro<\/h2>\n\n\n\n<p class=\"has-text-align-left has-neve-text-color-color has-text-color\" style=\"font-size:17px\">La qualit\u00e0 dell\u2019ambiente di lavoro e la scrupolosa attenzione alle norme antinquinamento delle proprie lavorazioni industriali, mostrano la seriet\u00e0 e professionalit\u00e0 delle attivit\u00e0 svolte da Eurocolor.<\/p>\n\n\n\n<div class=\"wp-block-buttons is-horizontal is-content-justification-left is-layout-flex wp-container-core-buttons-is-layout-7e5fce0a wp-block-buttons-is-layout-flex\">\n<div class=\"wp-block-button is-style-primary\"><a class=\"wp-block-button__link wp-element-button\" href=\"https:\/\/eurocolorspa.eu\/index.php\/15c42-web-agency-gb-about-us\/\">Conosci meglio<\/a><\/div>\n<\/div>\n\n\n\n<div style=\"height:40px\" aria-hidden=\"true\" class=\"wp-block-spacer\"><\/div>\n<\/div>\n\n\n\n<div class=\"wp-block-column is-vertically-aligned-center is-layout-flow wp-block-column-is-layout-flow\" style=\"flex-basis:50%\">\n<figure class=\"wp-block-image size-large\"><img loading=\"lazy\" decoding=\"async\" width=\"1024\" height=\"768\" src=\"https:\/\/eurocolorspa.eu\/wp-content\/uploads\/2024\/05\/chisiam-1024x768.jpg\" alt=\"\" class=\"wp-image-193\" srcset=\"https:\/\/eurocolorspa.eu\/wp-content\/uploads\/2024\/05\/chisiam-1024x768.jpg 1024w, https:\/\/eurocolorspa.eu\/wp-content\/uploads\/2024\/05\/chisiam-300x225.jpg 300w, https:\/\/eurocolorspa.eu\/wp-content\/uploads\/2024\/05\/chisiam-768x576.jpg 768w, https:\/\/eurocolorspa.eu\/wp-content\/uploads\/2024\/05\/chisiam.jpg 1416w\" sizes=\"auto, (max-width: 1024px) 100vw, 1024px\" \/><\/figure>\n<\/div>\n<\/div>\n\n\n\n<div style=\"height:40px\" aria-hidden=\"true\" class=\"wp-block-spacer\"><\/div>\n<\/div><\/div>\n<\/div><\/div>\n\n\n\n<div class=\"wp-block-cover alignfull\" style=\"min-height:600px;aspect-ratio:unset;\"><span aria-hidden=\"true\" class=\"wp-block-cover__background has-background-dim-100 has-background-dim\" style=\"background-color:#2e3842\"><\/span><div class=\"wp-block-cover__inner-container is-layout-flow wp-block-cover-is-layout-flow\">\n<div class=\"wp-block-group\"><div class=\"wp-block-group__inner-container is-layout-flow wp-block-group-is-layout-flow\">\n<div style=\"height:80px\" aria-hidden=\"true\" class=\"wp-block-spacer\"><\/div>\n\n\n\n<div class=\"wp-block-columns are-vertically-aligned-center is-layout-flex wp-container-core-columns-is-layout-9d6595d7 wp-block-columns-is-layout-flex\">\n<div class=\"wp-block-column is-vertically-aligned-center is-layout-flow wp-block-column-is-layout-flow\" style=\"flex-basis:50%\">\n<figure class=\"wp-block-image size-full\"><img loading=\"lazy\" decoding=\"async\" width=\"960\" height=\"640\" src=\"https:\/\/eurocolorspa.eu\/wp-content\/uploads\/2024\/05\/1.jpg\" alt=\"\" class=\"wp-image-143\" srcset=\"https:\/\/eurocolorspa.eu\/wp-content\/uploads\/2024\/05\/1.jpg 960w, https:\/\/eurocolorspa.eu\/wp-content\/uploads\/2024\/05\/1-300x200.jpg 300w, https:\/\/eurocolorspa.eu\/wp-content\/uploads\/2024\/05\/1-768x512.jpg 768w, https:\/\/eurocolorspa.eu\/wp-content\/uploads\/2024\/05\/1-930x620.jpg 930w\" sizes=\"auto, (max-width: 960px) 100vw, 960px\" \/><\/figure>\n<\/div>\n\n\n\n<div class=\"wp-block-column is-vertically-aligned-center is-layout-flow wp-block-column-is-layout-flow\" style=\"flex-basis:50%\">\n<div style=\"height:10px\" aria-hidden=\"true\" class=\"wp-block-spacer\"><\/div>\n\n\n\n<h2 class=\"wp-block-heading has-text-align-left has-nv-text-dark-bg-color has-text-color\">Controllo<br>Qualit\u00e0 e Sviluppo<\/h2>\n\n\n\n<p class=\"has-text-align-left has-nv-text-dark-bg-color has-text-color\" style=\"font-size:17px\">Il Laboratorio Controllo Qualit\u00e0 e Sviluppo utilizza tecnologie avanzate e tecnici esperti per sviluppare nuovi prodotti, garantendo flessibilit\u00e0 e una risposta rapida alle esigenze del mercato tramite agenti commerciali e un magazzino ben fornito.<\/p>\n\n\n\n<div class=\"wp-block-buttons is-horizontal is-content-justification-left is-layout-flex wp-container-core-buttons-is-layout-7e5fce0a wp-block-buttons-is-layout-flex\">\n<div class=\"wp-block-button is-style-primary\"><a class=\"wp-block-button__link wp-element-button\" href=\"https:\/\/eurocolorspa.eu\/index.php\/ricerca-e-sviluppo\/\">Informati!<\/a><\/div>\n<\/div>\n<\/div>\n<\/div>\n\n\n\n<div style=\"height:50px\" aria-hidden=\"true\" class=\"wp-block-spacer\"><\/div>\n<\/div><\/div>\n<\/div><\/div>\n\n\n\n<div class=\"wp-block-cover alignfull\" style=\"min-height:600px;aspect-ratio:unset;\"><span aria-hidden=\"true\" class=\"wp-block-cover__background has-nv-site-bg-background-color has-background-dim-100 has-background-dim\"><\/span><div class=\"wp-block-cover__inner-container is-layout-flow wp-block-cover-is-layout-flow\">\n<div class=\"wp-block-group\"><div class=\"wp-block-group__inner-container is-layout-flow wp-block-group-is-layout-flow\">\n<div style=\"height:80px\" aria-hidden=\"true\" class=\"wp-block-spacer\"><\/div>\n\n\n\n<h2 class=\"wp-block-heading has-neve-text-color-color has-text-color\">Clienti<\/h2>\n\n\n\n<div id=\"wp-block-themeisle-blocks-slider-55689f17\" class=\"wp-block-themeisle-blocks-slider glide\" data-per-view=\"4\" data-gap=\"91\" data-peek=\"88\" data-autoplay=\"1000\" data-height=\"180px\" data-hide-arrows=\"true\" data-transition=\"linear\"><div class=\"glide__track\" data-glide-el=\"track\"><div class=\"glide__slides\"><div class=\"wp-block-themeisle-blocks-slider-item-wrapper glide__slide\" tabindex=\"0\"><figure><img decoding=\"async\" class=\"wp-block-themeisle-blocks-slider-item\" src=\"https:\/\/eurocolorspa.eu\/wp-content\/uploads\/2025\/01\/1.png\" alt=\"\" title=\"\" data-id=\"404\"\/><\/figure><\/div><div class=\"wp-block-themeisle-blocks-slider-item-wrapper glide__slide\" tabindex=\"0\"><figure><img decoding=\"async\" class=\"wp-block-themeisle-blocks-slider-item\" src=\"https:\/\/eurocolorspa.eu\/wp-content\/uploads\/2025\/01\/2.png\" alt=\"\" title=\"\" data-id=\"405\"\/><\/figure><\/div><div class=\"wp-block-themeisle-blocks-slider-item-wrapper glide__slide\" tabindex=\"0\"><figure><img decoding=\"async\" class=\"wp-block-themeisle-blocks-slider-item\" src=\"https:\/\/eurocolorspa.eu\/wp-content\/uploads\/2025\/01\/3.png\" alt=\"\" title=\"\" data-id=\"402\"\/><\/figure><\/div><div class=\"wp-block-themeisle-blocks-slider-item-wrapper glide__slide\" tabindex=\"0\"><figure><img decoding=\"async\" class=\"wp-block-themeisle-blocks-slider-item\" src=\"https:\/\/eurocolorspa.eu\/wp-content\/uploads\/2025\/01\/4.png\" alt=\"\" title=\"\" data-id=\"398\"\/><\/figure><\/div><div class=\"wp-block-themeisle-blocks-slider-item-wrapper glide__slide\" tabindex=\"0\"><figure><img decoding=\"async\" class=\"wp-block-themeisle-blocks-slider-item\" src=\"https:\/\/eurocolorspa.eu\/wp-content\/uploads\/2025\/01\/5.png\" alt=\"\" title=\"\" data-id=\"400\"\/><\/figure><\/div><div class=\"wp-block-themeisle-blocks-slider-item-wrapper glide__slide\" tabindex=\"0\"><figure><img decoding=\"async\" class=\"wp-block-themeisle-blocks-slider-item\" src=\"https:\/\/eurocolorspa.eu\/wp-content\/uploads\/2025\/01\/6.png\" alt=\"\" title=\"\" data-id=\"399\"\/><\/figure><\/div><div class=\"wp-block-themeisle-blocks-slider-item-wrapper glide__slide\" tabindex=\"0\"><figure><img decoding=\"async\" class=\"wp-block-themeisle-blocks-slider-item\" src=\"https:\/\/eurocolorspa.eu\/wp-content\/uploads\/2025\/01\/7.png\" alt=\"\" title=\"\" data-id=\"401\"\/><\/figure><\/div><div class=\"wp-block-themeisle-blocks-slider-item-wrapper glide__slide\" tabindex=\"0\"><figure><img decoding=\"async\" class=\"wp-block-themeisle-blocks-slider-item\" src=\"https:\/\/eurocolorspa.eu\/wp-content\/uploads\/2025\/01\/8.png\" alt=\"\" title=\"\" data-id=\"403\"\/><\/figure><\/div><\/div><\/div><\/div>\n\n\n\n<p>Eurocolor ha dimostrato di essere partner all\u2019altezza di questo impegnativo compito fondando la propria qualit\u00e0 sulla capacit\u00e0 di intraprendere questa sfida assieme ai propri Clienti.<\/p>\n\n\n\n<div style=\"height:20px\" aria-hidden=\"true\" class=\"wp-block-spacer\"><\/div>\n\n\n\n<div style=\"height:40px\" aria-hidden=\"true\" class=\"wp-block-spacer\"><\/div>\n<\/div><\/div>\n<\/div><\/div>\n\n\n\n<div class=\"wp-block-cover alignfull\" style=\"min-height:420px;aspect-ratio:unset;\"><span aria-hidden=\"true\" class=\"wp-block-cover__background has-nv-light-bg-background-color has-background-dim-100 has-background-dim\"><\/span><div class=\"wp-block-cover__inner-container is-layout-flow wp-block-cover-is-layout-flow\">\n<div style=\"height:80px\" aria-hidden=\"true\" class=\"wp-block-spacer\"><\/div>\n\n\n\n<div class=\"wp-block-columns is-layout-flex wp-container-core-columns-is-layout-9d6595d7 wp-block-columns-is-layout-flex\">\n<div class=\"wp-block-column ticss-4ce656f1 is-layout-flow wp-block-column-is-layout-flow\">\n<figure class=\"wp-block-image size-full is-resized is-style-rounded\"><img loading=\"lazy\" decoding=\"async\" width=\"200\" height=\"200\" src=\"https:\/\/eurocolorspa.eu\/wp-content\/uploads\/2025\/01\/1646779524541.jpg\" alt=\"\" class=\"wp-image-376\" style=\"width:80px;height:80px\" srcset=\"https:\/\/eurocolorspa.eu\/wp-content\/uploads\/2025\/01\/1646779524541.jpg 200w, https:\/\/eurocolorspa.eu\/wp-content\/uploads\/2025\/01\/1646779524541-150x150.jpg 150w\" sizes=\"auto, (max-width: 200px) 100vw, 200px\" \/><\/figure>\n\n\n\n<div style=\"height:24px\" aria-hidden=\"true\" class=\"wp-block-spacer\"><\/div>\n\n\n\n<p class=\"has-text-align-left has-neve-text-color-color has-text-color\">\u201cWhat is the point of being alive if you don\u2019t at least try to do something remarkable?\u201d<\/p>\n\n\n\n<p class=\"has-neve-text-color-color has-text-color\">Renato Negri &#8211; Amministratore Delegato<\/p>\n\n\n\n<div style=\"height:20px\" aria-hidden=\"true\" class=\"wp-block-spacer\"><\/div>\n<\/div>\n\n\n\n<div class=\"wp-block-column ticss-f6fc7494 is-layout-flow wp-block-column-is-layout-flow\">\n<figure class=\"wp-block-image size-full is-resized is-style-rounded\"><img loading=\"lazy\" decoding=\"async\" width=\"100\" height=\"100\" src=\"https:\/\/eurocolorspa.eu\/wp-content\/uploads\/2025\/01\/1516802709008.jpg\" alt=\"\" class=\"wp-image-377\" style=\"width:80px;height:80px\"\/><\/figure>\n\n\n\n<div style=\"height:24px\" aria-hidden=\"true\" class=\"wp-block-spacer\"><\/div>\n\n\n\n<p class=\"has-text-align-left has-neve-text-color-color has-text-color\">\u201cWhat is the point of being alive if you don\u2019t at least try to do something remarkable?\u201d<\/p>\n\n\n\n<p class=\"has-neve-text-color-color has-text-color\">Stefano Lena &#8211; Assistenza Clienti<\/p>\n\n\n\n<div style=\"height:20px\" aria-hidden=\"true\" class=\"wp-block-spacer\"><\/div>\n<\/div>\n\n\n\n<div class=\"wp-block-column ticss-a5b4df29 is-layout-flow wp-block-column-is-layout-flow\">\n<figure class=\"wp-block-image size-full is-resized is-style-rounded\"><img loading=\"lazy\" decoding=\"async\" width=\"100\" height=\"100\" src=\"https:\/\/eurocolorspa.eu\/wp-content\/uploads\/2025\/01\/1557982586337.jpg\" alt=\"\" class=\"wp-image-378\" style=\"width:80px;height:80px\"\/><\/figure>\n\n\n\n<div style=\"height:24px\" aria-hidden=\"true\" class=\"wp-block-spacer\"><\/div>\n\n\n\n<p class=\"has-text-align-left has-neve-text-color-color has-text-color\">\u201cWhat is the point of being alive if you don\u2019t at least try to do something remarkable?\u201d<\/p>\n\n\n\n<p class=\"has-neve-text-color-color has-text-color\">Galassi Lorena &#8211; Product Manager<\/p>\n\n\n\n<div style=\"height:20px\" aria-hidden=\"true\" class=\"wp-block-spacer\"><\/div>\n<\/div>\n<\/div>\n\n\n\n<div style=\"height:30px\" aria-hidden=\"true\" class=\"wp-block-spacer\"><\/div>\n<\/div><\/div>\n\n\n\n<div class=\"wp-block-cover alignfull\" style=\"min-height:300px;aspect-ratio:unset;\"><span aria-hidden=\"true\" class=\"wp-block-cover__background has-background-dim-100 has-background-dim\" style=\"background-color:#1e1e1e\"><\/span><div class=\"wp-block-cover__inner-container is-layout-flow wp-block-cover-is-layout-flow\">\n<div style=\"height:140px\" aria-hidden=\"true\" class=\"wp-block-spacer\"><\/div>\n\n\n\n<h2 class=\"wp-block-heading has-text-align-center has-nv-text-dark-bg-color has-text-color\">Per qualsiasi richiesta, contattaci: saremo felici di offrirti soluzioni rapide e personalizzate.<\/h2>\n\n\n\n<p class=\"has-text-align-center has-nv-site-bg-color has-text-color has-link-color wp-elements-2431a59d3ae624d2807a0a77aa2da998\">Assistenza dedicata e soluzioni personalizzate per rispondere rapidamente alle tue esigenze.<\/p>\n\n\n\n<div class=\"wp-block-buttons is-horizontal is-content-justification-center is-layout-flex wp-container-core-buttons-is-layout-499968f5 wp-block-buttons-is-layout-flex\">\n<div class=\"wp-block-button is-style-primary\"><a class=\"wp-block-button__link wp-element-button\" href=\"https:\/\/eurocolorspa.eu\/index.php\/15c42-web-agency-gb-contact-us\/\">CONTATTACI<\/a><\/div>\n<\/div>\n\n\n\n<div style=\"height:140px\" aria-hidden=\"true\" class=\"wp-block-spacer\"><\/div>\n<\/div><\/div>\n\n\n\n<p><\/p>\n","protected":false},"excerpt":{"rendered":"<p>Chi Siamo? Fondata nel 1969, Eurocolor produce sostanze organiche per la tintura di fibre naturali, artificiali e sintetiche, oltre che per pellami, carta e legno. Servizi Societ\u00e0 impegnata nello sviluppo e nella produzione di coloranti, pigmenti e composti chimici per applicazioni industriali. I nostri esperti sono a tua disposizione per aiutarti a trovare la soluzione&hellip;&nbsp;<a href=\"https:\/\/eurocolorspa.eu\/\" rel=\"bookmark\">Leggi tutto &raquo;<span class=\"screen-reader-text\">Home<\/span><\/a><\/p>\n","protected":false},"author":1,"featured_media":0,"parent":0,"menu_order":0,"comment_status":"closed","ping_status":"closed","template":"","meta":{"neve_meta_sidebar":"default","neve_meta_container":"default","neve_meta_enable_content_width":"on","neve_meta_content_width":100,"neve_meta_title_alignment":"","neve_meta_author_avatar":"","neve_post_elements_order":"","neve_meta_disable_header":"","neve_meta_disable_footer":"","neve_meta_disable_title":"on","_themeisle_gutenberg_block_has_review":false,"footnotes":""},"class_list":["post-5","page","type-page","status-publish","hentry"],"_links":{"self":[{"href":"https:\/\/eurocolorspa.eu\/index.php\/wp-json\/wp\/v2\/pages\/5","targetHints":{"allow":["GET"]}}],"collection":[{"href":"https:\/\/eurocolorspa.eu\/index.php\/wp-json\/wp\/v2\/pages"}],"about":[{"href":"https:\/\/eurocolorspa.eu\/index.php\/wp-json\/wp\/v2\/types\/page"}],"author":[{"embeddable":true,"href":"https:\/\/eurocolorspa.eu\/index.php\/wp-json\/wp\/v2\/users\/1"}],"replies":[{"embeddable":true,"href":"https:\/\/eurocolorspa.eu\/index.php\/wp-json\/wp\/v2\/comments?post=5"}],"version-history":[{"count":16,"href":"https:\/\/eurocolorspa.eu\/index.php\/wp-json\/wp\/v2\/pages\/5\/revisions"}],"predecessor-version":[{"id":419,"href":"https:\/\/eurocolorspa.eu\/index.php\/wp-json\/wp\/v2\/pages\/5\/revisions\/419"}],"wp:attachment":[{"href":"https:\/\/eurocolorspa.eu\/index.php\/wp-json\/wp\/v2\/media?parent=5"}],"curies":[{"name":"wp","href":"https:\/\/api.w.org\/{rel}","templated":true}]}}