{"id":121,"date":"2024-05-31T14:31:39","date_gmt":"2024-05-31T12:31:39","guid":{"rendered":"https:\/\/eurocolorspa.eu\/?page_id=121"},"modified":"2024-05-31T15:44:45","modified_gmt":"2024-05-31T13:44:45","slug":"home-index","status":"publish","type":"page","link":"https:\/\/eurocolorspa.eu\/index.php\/home-index\/","title":{"rendered":"Home \/ index"},"content":{"rendered":"<h2 style=\"text-align: center;\">EUROCOLOR SPA<br \/>\n55 ANNI<\/h2>\n<p>Fondata nel 1969, Eurocolor opera nel settore della produzione di sostanze organiche per la tintura di fibre naturali, artificiali e sintetiche, nonch\u00e8 di pellami, della carta e del legno. In questi cinquant&#8217;anni l\u2019aumento della domanda quantitativa e qualitativa ha comportato una politica degli investimenti continua, attuata attraverso l\u2019implementazione del patrimonio tecnico e produttivo aziendale. La costruzione del nuovo reparto di standardizzazione e confezionamento, completamente automatizzato e l\u2019acquisizione di un esteso stabilimento adiacente, ha portato Eurocolor ad avere un\u2019area produttiva di 9.500 mq su una superficie di 24.000 mq.<\/p>\n<h2>EUROCOLOR E LA SOSTENIBILIT\u00c0<\/h2>\n<p>Con oltre 50 anni di esperienza, Eurocolor \u00e8 leader nella produzione di coloranti industriali. L&#8217;ottenimento della certificazione ISO 14001 dimostra il nostro impegno per l&#8217;ambiente, dotandoci di un sistema di gestione ambientale che migliora le performance ecologiche e raggiunge obiettivi di sostenibilit\u00e0. Innovazione, qualit\u00e0 e rispetto per l&#8217;ambiente sono al cuore della nostra missione. Offriamo soluzioni avanzate e sicure per i coloranti industriali, aiutando i nostri clienti a creare articoli di alta qualit\u00e0. Scopri come possiamo colorare il tuo successo.<\/p>\n<style>\/*! elementor - v3.21.0 - 26-05-2024 *\/\n.elementor-widget-image{text-align:center}.elementor-widget-image a{display:inline-block}.elementor-widget-image a img[src$=\".svg\"]{width:48px}.elementor-widget-image img{vertical-align:middle;display:inline-block}<\/style>\n<p>\t\t\t\t\t\t\t\t\t\t<img loading=\"lazy\" decoding=\"async\" width=\"500\" height=\"342\" src=\"https:\/\/eurocolorspa.eu\/wp-content\/uploads\/2024\/05\/cov-1.jpg\" alt=\"\" srcset=\"https:\/\/eurocolorspa.eu\/wp-content\/uploads\/2024\/05\/cov-1.jpg 500w, https:\/\/eurocolorspa.eu\/wp-content\/uploads\/2024\/05\/cov-1-300x205.jpg 300w\" sizes=\"auto, (max-width: 500px) 100vw, 500px\" \/><br \/>\n\t\t\t\t\t\t\t\t\t\t\t\t\t<img loading=\"lazy\" decoding=\"async\" width=\"748\" height=\"529\" src=\"https:\/\/eurocolorspa.eu\/wp-content\/uploads\/2024\/05\/pic01.jpg\" alt=\"\" srcset=\"https:\/\/eurocolorspa.eu\/wp-content\/uploads\/2024\/05\/pic01.jpg 748w, https:\/\/eurocolorspa.eu\/wp-content\/uploads\/2024\/05\/pic01-300x212.jpg 300w\" sizes=\"auto, (max-width: 748px) 100vw, 748px\" \/>\t\t\t\t\t\t\t\t\t\t\t\t\t<\/p>\n<h2>IL NOSTRO AMBIENTE DI LAVORO<\/h2>\n<section>\n<p>La qualit\u00e0 dell\u2019ambiente di lavoro e la scrupolosa attenzione alle norme antinquinamento delle proprie lavorazioni industriali, mostrano la seriet\u00e0 e professionalit\u00e0 delle attivit\u00e0 svolte da Eurocolor.<\/p>\n<\/section>\n<section><\/section>\n<h2>CLIENTI<\/h2>\n<p>Eurocolor ha dimostrato di essere partner all\u2019altezza di questo impegnativo compito fondando la propria qualit\u00e0 sulla capacit\u00e0 di intraprendere questa sfida assieme ai propri Clienti.<br \/>\n\t\t\t\t\t\t\t\t\t\t\t\t\t<img loading=\"lazy\" decoding=\"async\" width=\"960\" height=\"640\" src=\"https:\/\/eurocolorspa.eu\/wp-content\/uploads\/2024\/05\/5.jpg\" alt=\"\" srcset=\"https:\/\/eurocolorspa.eu\/wp-content\/uploads\/2024\/05\/5.jpg 960w, https:\/\/eurocolorspa.eu\/wp-content\/uploads\/2024\/05\/5-300x200.jpg 300w, https:\/\/eurocolorspa.eu\/wp-content\/uploads\/2024\/05\/5-768x512.jpg 768w, https:\/\/eurocolorspa.eu\/wp-content\/uploads\/2024\/05\/5-930x620.jpg 930w\" sizes=\"auto, (max-width: 960px) 100vw, 960px\" \/><br \/>\n\t\t\t\t\t\t\t\t\t\t\t\t\t<img loading=\"lazy\" decoding=\"async\" width=\"960\" height=\"640\" src=\"https:\/\/eurocolorspa.eu\/wp-content\/uploads\/2024\/05\/1.jpg\" alt=\"\" srcset=\"https:\/\/eurocolorspa.eu\/wp-content\/uploads\/2024\/05\/1.jpg 960w, https:\/\/eurocolorspa.eu\/wp-content\/uploads\/2024\/05\/1-300x200.jpg 300w, https:\/\/eurocolorspa.eu\/wp-content\/uploads\/2024\/05\/1-768x512.jpg 768w, https:\/\/eurocolorspa.eu\/wp-content\/uploads\/2024\/05\/1-930x620.jpg 930w\" sizes=\"auto, (max-width: 960px) 100vw, 960px\" \/>\t\t\t\t\t\t\t\t\t\t\t\t\t<\/p>\n<h2>CONTROLLO<br \/>\nQUALIT\u00c0 E SVILUPPO<\/h2>\n<p>Il Laboratorio Controllo Qualit\u00e0 e Sviluppo adotta le pi\u00f9 sofisticate apparecchiature di tintura ed analisi e si avvale di tecnici esperti per la messa a punto di prodotti sempre nuovi, permettendo all\u2019azienda di rispondere alle solllecitazioni di un mercato che richiede flessibilit\u00e0 dell\u2019intero sistema produttivo e commerciale, riuscendo a seguire il Cliente con agenti commerciali, a soddisfarlo tempestivamente grazie al notevole magazzino ed all\u2019aggiornamento dedicato alla produzione.\t\t<\/p>\n<style>\/*! elementor - v3.21.0 - 26-05-2024 *\/\n.elementor-column .elementor-spacer-inner{height:var(--spacer-size)}.e-con{--container-widget-width:100%}.e-con-inner>.elementor-widget-spacer,.e-con>.elementor-widget-spacer{width:var(--container-widget-width,var(--spacer-size));--align-self:var(--container-widget-align-self,initial);--flex-shrink:0}.e-con-inner>.elementor-widget-spacer>.elementor-widget-container,.e-con>.elementor-widget-spacer>.elementor-widget-container{height:100%;width:100%}.e-con-inner>.elementor-widget-spacer>.elementor-widget-container>.elementor-spacer,.e-con>.elementor-widget-spacer>.elementor-widget-container>.elementor-spacer{height:100%}.e-con-inner>.elementor-widget-spacer>.elementor-widget-container>.elementor-spacer>.elementor-spacer-inner,.e-con>.elementor-widget-spacer>.elementor-widget-container>.elementor-spacer>.elementor-spacer-inner{height:var(--container-widget-height,var(--spacer-size))}.e-con-inner>.elementor-widget-spacer.elementor-widget-empty,.e-con>.elementor-widget-spacer.elementor-widget-empty{position:relative;min-height:22px;min-width:22px}.e-con-inner>.elementor-widget-spacer.elementor-widget-empty .elementor-widget-empty-icon,.e-con>.elementor-widget-spacer.elementor-widget-empty .elementor-widget-empty-icon{position:absolute;top:0;bottom:0;left:0;right:0;margin:auto;padding:0;width:22px;height:22px}<\/style>\n<p>\t\t\t<svg aria-hidden=\"true\" viewBox=\"0 0 448 512\" xmlns=\"http:\/\/www.w3.org\/2000\/svg\"><path d=\"M224.1 141c-63.6 0-114.9 51.3-114.9 114.9s51.3 114.9 114.9 114.9S339 319.5 339 255.9 287.7 141 224.1 141zm0 189.6c-41.1 0-74.7-33.5-74.7-74.7s33.5-74.7 74.7-74.7 74.7 33.5 74.7 74.7-33.6 74.7-74.7 74.7zm146.4-194.3c0 14.9-12 26.8-26.8 26.8-14.9 0-26.8-12-26.8-26.8s12-26.8 26.8-26.8 26.8 12 26.8 26.8zm76.1 27.2c-1.7-35.9-9.9-67.7-36.2-93.9-26.2-26.2-58-34.4-93.9-36.2-37-2.1-147.9-2.1-184.9 0-35.8 1.7-67.6 9.9-93.9 36.1s-34.4 58-36.2 93.9c-2.1 37-2.1 147.9 0 184.9 1.7 35.9 9.9 67.7 36.2 93.9s58 34.4 93.9 36.2c37 2.1 147.9 2.1 184.9 0 35.9-1.7 67.7-9.9 93.9-36.2 26.2-26.2 34.4-58 36.2-93.9 2.1-37 2.1-147.8 0-184.8zM398.8 388c-7.8 19.6-22.9 34.7-42.6 42.6-29.5 11.7-99.5 9-132.1 9s-102.7 2.6-132.1-9c-19.6-7.8-34.7-22.9-42.6-42.6-11.7-29.5-9-99.5-9-132.1s-2.6-102.7 9-132.1c7.8-19.6 22.9-34.7 42.6-42.6 29.5-11.7 99.5-9 132.1-9s102.7-2.6 132.1 9c19.6 7.8 34.7 22.9 42.6 42.6 11.7 29.5 9 99.5 9 132.1s2.7 102.7-9 132.1z\"><\/path><\/svg><br \/>\n\t\t\t<svg aria-hidden=\"true\" viewBox=\"0 0 448 512\" xmlns=\"http:\/\/www.w3.org\/2000\/svg\"><path d=\"M400 32H48A48 48 0 0 0 0 80v352a48 48 0 0 0 48 48h137.25V327.69h-63V256h63v-54.64c0-62.15 37-96.48 93.67-96.48 27.14 0 55.52 4.84 55.52 4.84v61h-31.27c-30.81 0-40.42 19.12-40.42 38.73V256h68.78l-11 71.69h-57.78V480H400a48 48 0 0 0 48-48V80a48 48 0 0 0-48-48z\"><\/path><\/svg><br \/>\n\t\t\t<svg aria-hidden=\"true\" viewBox=\"0 0 512 512\" xmlns=\"http:\/\/www.w3.org\/2000\/svg\"><path d=\"M464 64H48C21.49 64 0 85.49 0 112v288c0 26.51 21.49 48 48 48h416c26.51 0 48-21.49 48-48V112c0-26.51-21.49-48-48-48zm0 48v40.805c-22.422 18.259-58.168 46.651-134.587 106.49-16.841 13.247-50.201 45.072-73.413 44.701-23.208.375-56.579-31.459-73.413-44.701C106.18 199.465 70.425 171.067 48 152.805V112h416zM48 400V214.398c22.914 18.251 55.409 43.862 104.938 82.646 21.857 17.205 60.134 55.186 103.062 54.955 42.717.231 80.509-37.199 103.053-54.947 49.528-38.783 82.032-64.401 104.947-82.653V400H48z\"><\/path><\/svg><br \/>\n\t\t\t<svg aria-hidden=\"true\" viewBox=\"0 0 448 512\" xmlns=\"http:\/\/www.w3.org\/2000\/svg\"><path d=\"M416 32H31.9C14.3 32 0 46.5 0 64.3v383.4C0 465.5 14.3 480 31.9 480H416c17.6 0 32-14.5 32-32.3V64.3c0-17.8-14.4-32.3-32-32.3zM135.4 416H69V202.2h66.5V416zm-33.2-243c-21.3 0-38.5-17.3-38.5-38.5S80.9 96 102.2 96c21.2 0 38.5 17.3 38.5 38.5 0 21.3-17.2 38.5-38.5 38.5zm282.1 243h-66.4V312c0-24.8-.5-56.7-34.5-56.7-34.6 0-39.9 27-39.9 54.9V416h-66.4V202.2h63.7v29.2h.9c8.9-16.8 30.6-34.5 62.9-34.5 67.2 0 79.7 44.3 79.7 101.9V416z\"><\/path><\/svg>\t\t\t<\/p>\n<style>\/*! elementor - v3.21.0 - 26-05-2024 *\/\n.elementor-heading-title{padding:0;margin:0;line-height:1}.elementor-widget-heading .elementor-heading-title[class*=elementor-size-]>a{color:inherit;font-size:inherit;line-height:inherit}.elementor-widget-heading .elementor-heading-title.elementor-size-small{font-size:15px}.elementor-widget-heading .elementor-heading-title.elementor-size-medium{font-size:19px}.elementor-widget-heading .elementor-heading-title.elementor-size-large{font-size:29px}.elementor-widget-heading .elementor-heading-title.elementor-size-xl{font-size:39px}.elementor-widget-heading .elementor-heading-title.elementor-size-xxl{font-size:59px}<\/style>\n<h4>Eurocolor S.P.A <\/br><\/br><br \/>\n 48014 Castel Bolognese (RA) italy<br \/>\nTel. 0546 &#8211; 650011<br \/>\nFax 0546 &#8211; 656305<\/h4>\n","protected":false},"excerpt":{"rendered":"<p>EUROCOLOR SPA 55 ANNI Fondata nel 1969, Eurocolor opera nel settore della produzione di sostanze organiche per la tintura di fibre naturali, artificiali e sintetiche, nonch\u00e8 di pellami, della carta e del legno. In questi cinquant&#8217;anni l\u2019aumento della domanda quantitativa e qualitativa ha comportato una politica degli investimenti continua, attuata attraverso l\u2019implementazione del patrimonio tecnico&hellip;&nbsp;<a href=\"https:\/\/eurocolorspa.eu\/index.php\/home-index\/\" rel=\"bookmark\">Leggi tutto &raquo;<span class=\"screen-reader-text\">Home \/ index<\/span><\/a><\/p>\n","protected":false},"author":1,"featured_media":0,"parent":0,"menu_order":0,"comment_status":"closed","ping_status":"closed","template":"elementor_header_footer","meta":{"neve_meta_sidebar":"","neve_meta_container":"","neve_meta_enable_content_width":"","neve_meta_content_width":0,"neve_meta_title_alignment":"","neve_meta_author_avatar":"","neve_post_elements_order":"","neve_meta_disable_header":"","neve_meta_disable_footer":"","neve_meta_disable_title":"","_themeisle_gutenberg_block_has_review":false,"footnotes":""},"class_list":["post-121","page","type-page","status-publish","hentry"],"_links":{"self":[{"href":"https:\/\/eurocolorspa.eu\/index.php\/wp-json\/wp\/v2\/pages\/121","targetHints":{"allow":["GET"]}}],"collection":[{"href":"https:\/\/eurocolorspa.eu\/index.php\/wp-json\/wp\/v2\/pages"}],"about":[{"href":"https:\/\/eurocolorspa.eu\/index.php\/wp-json\/wp\/v2\/types\/page"}],"author":[{"embeddable":true,"href":"https:\/\/eurocolorspa.eu\/index.php\/wp-json\/wp\/v2\/users\/1"}],"replies":[{"embeddable":true,"href":"https:\/\/eurocolorspa.eu\/index.php\/wp-json\/wp\/v2\/comments?post=121"}],"version-history":[{"count":49,"href":"https:\/\/eurocolorspa.eu\/index.php\/wp-json\/wp\/v2\/pages\/121\/revisions"}],"predecessor-version":[{"id":183,"href":"https:\/\/eurocolorspa.eu\/index.php\/wp-json\/wp\/v2\/pages\/121\/revisions\/183"}],"wp:attachment":[{"href":"https:\/\/eurocolorspa.eu\/index.php\/wp-json\/wp\/v2\/media?parent=121"}],"curies":[{"name":"wp","href":"https:\/\/api.w.org\/{rel}","templated":true}]}}